{"id":2148,"date":"2025-11-30T17:29:29","date_gmt":"2025-11-30T17:29:29","guid":{"rendered":"https:\/\/globalbridgeco.co\/?page_id=2148"},"modified":"2025-12-02T02:50:02","modified_gmt":"2025-12-02T02:50:02","slug":"support","status":"publish","type":"page","link":"https:\/\/globalbridgeco.co\/en\/support\/","title":{"rendered":"Support"},"content":{"rendered":"<style>.elementor-2148 .elementor-element.elementor-element-fb2ab01{--display:flex;--flex-direction:row;--container-widget-width:initial;--container-widget-height:100%;--container-widget-flex-grow:1;--container-widget-align-self:stretch;--flex-wrap-mobile:wrap;--gap:0px 0px;--row-gap:0px;--column-gap:0px;}.elementor-2148 .elementor-element.elementor-element-5b7ab1e{--display:flex;--flex-direction:column;--container-widget-width:100%;--container-widget-height:initial;--container-widget-flex-grow:0;--container-widget-align-self:initial;--flex-wrap-mobile:wrap;}.elementor-2148 .elementor-element.elementor-element-5b7ab1e.e-con{--flex-grow:0;--flex-shrink:0;}.elementor-2148 .elementor-element.elementor-element-5efa3127{--display:flex;--flex-direction:column;--container-widget-width:100%;--container-widget-height:initial;--container-widget-flex-grow:0;--container-widget-align-self:initial;--flex-wrap-mobile:wrap;}.elementor-2148 .elementor-element.elementor-element-5efa3127.e-con{--flex-grow:0;--flex-shrink:0;}.elementor-2148 .elementor-element.elementor-element-33c6c8bf{--display:flex;--flex-direction:column;--container-widget-width:100%;--container-widget-height:initial;--container-widget-flex-grow:0;--container-widget-align-self:initial;--flex-wrap-mobile:wrap;}:root{--page-title-display:none;}@media(min-width:768px){.elementor-2148 .elementor-element.elementor-element-5b7ab1e{--width:12.629%;}.elementor-2148 .elementor-element.elementor-element-5efa3127{--width:70.455%;}.elementor-2148 .elementor-element.elementor-element-33c6c8bf{--width:25%;}}<\/style>\t\t<div data-elementor-type=\"wp-page\" data-elementor-id=\"2148\" class=\"elementor elementor-2148\" data-elementor-post-type=\"page\">\n\t\t\t\t<div class=\"elementor-element elementor-element-fb2ab01 e-flex e-con-boxed e-con e-parent\" data-id=\"fb2ab01\" data-element_type=\"container\" data-e-type=\"container\">\n\t\t\t\t\t<div class=\"e-con-inner\">\n\t\t<div class=\"elementor-element elementor-element-5b7ab1e e-con-full e-flex e-con e-child\" data-id=\"5b7ab1e\" data-element_type=\"container\" data-e-type=\"container\">\n\t\t\t\t<\/div>\n\t\t<div class=\"elementor-element elementor-element-5efa3127 e-con-full e-flex e-con e-child\" data-id=\"5efa3127\" data-element_type=\"container\" data-e-type=\"container\">\n\t\t\t\t<div class=\"elementor-element elementor-element-3ed358df elementor-widget elementor-widget-text-editor\" data-id=\"3ed358df\" data-element_type=\"widget\" data-e-type=\"widget\" data-widget_type=\"text-editor.default\">\n\t\t\t\t\t\t\t\t\t<p><strong>Support and Customer Service<\/strong><\/p><p><strong>Global Bridge Consulting (GBC)<\/strong><\/p><p>At Global Bridge Consulting, we are committed to providing a clear, professional, and responsive experience for all our clients. Our team is available to guide you in any need related to our interpretation, international communication, negotiation, and organizational strengthening services.<\/p><p>\u00a0<\/p><ol><li><strong> How can we help you?<\/strong><\/li><\/ol><p>We provide support in the following areas:<\/p><ul><li><strong> Service inquiries<\/strong><\/li><\/ul><p>Detailed information on strategic interpretation, executive support, cultural analysis, and assistance in international negotiations.<\/p><ul><li><strong> Advice before hiring<\/strong><\/li><\/ul><p>If you are unsure about the right service for your company, we will guide you based on your context, sector, type of negotiation, and business objectives.<\/p><ul><li><strong> Service support<\/strong><\/li><\/ul><p>Real-time support during international meetings, negotiation processes, or active services that require immediate intervention.<\/p><ul><li><strong> Website technical support<\/strong><\/li><\/ul><p>Assistance in:<\/p><ul><li>Forms that do not send correctly<\/li><li>Sending and uploading information<\/li><li>Access to documents<\/li><li>Navigation and accessibility<\/li><\/ul><ul><li><strong> Post-service follow-up<\/strong><\/li><\/ul><ul><li>Report delivery<\/li><li>Clarification of analysis or recommendations<\/li><li>Submission of supplementary documents<\/li><li>Resolving questions after a meeting or interpretation<\/li><\/ul><p>\u00a0<\/p><ol start=\"2\"><li><strong> Service Channels<\/strong><\/li><\/ol><p>We offer the following means of contact:<\/p><p><strong>Email<\/strong><\/p><p><strong>orlando.guihur@globalbridgeco.co<\/strong><\/p><p>\u00a0<\/p>\t\t\t\t\t\t\t\t<\/div>\n\t\t\t\t<\/div>\n\t\t<div class=\"elementor-element elementor-element-33c6c8bf e-con-full e-flex e-con e-child\" data-id=\"33c6c8bf\" data-element_type=\"container\" data-e-type=\"container\">\n\t\t\t\t<\/div>\n\t\t\t\t\t<\/div>\n\t\t\t\t<\/div>\n\t\t\t\t<\/div>","protected":false},"excerpt":{"rendered":"<p>Soporte y Atenci\u00f3n al Cliente Global Bridge Consulting (GBC) En Global Bridge Consulting nos comprometemos a brindar una experiencia clara, profesional y \u00e1gil para todos nuestros clientes. Nuestro equipo est\u00e1 disponible para orientarte en cualquier necesidad relacionada con nuestros servicios de interpretaci\u00f3n, comunicaci\u00f3n internacional, negociaci\u00f3n y fortalecimiento organizacional. \u00a0 \u00bfEn qu\u00e9 podemos ayudarte? Brindamos soporte [&hellip;]<\/p>\n","protected":false},"author":1,"featured_media":0,"parent":0,"menu_order":0,"comment_status":"closed","ping_status":"closed","template":"","meta":{"footnotes":""},"class_list":["post-2148","page","type-page","status-publish","hentry"],"_links":{"self":[{"href":"https:\/\/globalbridgeco.co\/en\/wp-json\/wp\/v2\/pages\/2148","targetHints":{"allow":["GET"]}}],"collection":[{"href":"https:\/\/globalbridgeco.co\/en\/wp-json\/wp\/v2\/pages"}],"about":[{"href":"https:\/\/globalbridgeco.co\/en\/wp-json\/wp\/v2\/types\/page"}],"author":[{"embeddable":true,"href":"https:\/\/globalbridgeco.co\/en\/wp-json\/wp\/v2\/users\/1"}],"replies":[{"embeddable":true,"href":"https:\/\/globalbridgeco.co\/en\/wp-json\/wp\/v2\/comments?post=2148"}],"version-history":[{"count":7,"href":"https:\/\/globalbridgeco.co\/en\/wp-json\/wp\/v2\/pages\/2148\/revisions"}],"predecessor-version":[{"id":2248,"href":"https:\/\/globalbridgeco.co\/en\/wp-json\/wp\/v2\/pages\/2148\/revisions\/2248"}],"wp:attachment":[{"href":"https:\/\/globalbridgeco.co\/en\/wp-json\/wp\/v2\/media?parent=2148"}],"curies":[{"name":"wp","href":"https:\/\/api.w.org\/{rel}","templated":true}]}}