{"id":1955,"date":"2025-11-25T17:01:51","date_gmt":"2025-11-25T17:01:51","guid":{"rendered":"https:\/\/globalbridgeco.co\/?page_id=1955"},"modified":"2025-12-04T00:01:03","modified_gmt":"2025-12-04T00:01:03","slug":"service-1","status":"publish","type":"page","link":"https:\/\/globalbridgeco.co\/en\/service-1\/","title":{"rendered":"Service 1"},"content":{"rendered":"<style>.elementor-1955 .elementor-element.elementor-element-74a2c07{--display:flex;--flex-direction:row;--container-widget-width:initial;--container-widget-height:100%;--container-widget-flex-grow:1;--container-widget-align-self:stretch;--flex-wrap-mobile:wrap;--gap:0px 0px;--row-gap:0px;--column-gap:0px;}.elementor-1955 .elementor-element.elementor-element-b8a5640{--display:flex;--flex-direction:column;--container-widget-width:100%;--container-widget-height:initial;--container-widget-flex-grow:0;--container-widget-align-self:initial;--flex-wrap-mobile:wrap;}.elementor-1955 .elementor-element.elementor-element-937ad83 .elementor-heading-title{font-family:\"Roboto\", Sans-serif;color:#1E2E4E;}.elementor-1955 .elementor-element.elementor-element-d7f9b83{--display:flex;--flex-direction:column;--container-widget-width:100%;--container-widget-height:initial;--container-widget-flex-grow:0;--container-widget-align-self:initial;--flex-wrap-mobile:wrap;}.elementor-1955 .elementor-element.elementor-element-33cf20b .elementor-heading-title{font-family:\"Roboto\", Sans-serif;color:#1E2E4E;}.elementor-1955 .elementor-element.elementor-element-e3e8a1f{--display:flex;}.elementor-1955 .elementor-element.elementor-element-6b428bb{--display:flex;--flex-direction:column;--container-widget-width:100%;--container-widget-height:initial;--container-widget-flex-grow:0;--container-widget-align-self:initial;--flex-wrap-mobile:wrap;}.elementor-1955 .elementor-element.elementor-element-da6575c{--display:flex;}.elementor-1955 .elementor-element.elementor-element-485e103{--display:flex;--flex-direction:column;--container-widget-width:100%;--container-widget-height:initial;--container-widget-flex-grow:0;--container-widget-align-self:initial;--flex-wrap-mobile:wrap;}.elementor-1955 .elementor-element.elementor-element-d8cca6b{--n-accordion-title-font-size:1rem;--n-accordion-item-title-space-between:0px;--n-accordion-item-title-distance-from-content:0px;--n-accordion-icon-size:15px;}.elementor-1955 .elementor-element.elementor-element-3c48b08{text-align:center;}.elementor-1955 .elementor-element.elementor-element-0bc0a07 .jeg-elementor-kit.jkit-button{text-align:center;}.elementor-1955 .elementor-element.elementor-element-0bc0a07 .jeg-elementor-kit.jkit-button .jkit-button-wrapper{color:#FFFFFF;background-color:var( --e-global-color-ec89863 );}.elementor-1955 .elementor-element.elementor-element-0bc0a07 .jeg-elementor-kit.jkit-button .jkit-button-wrapper svg{fill:#FFFFFF;}.elementor-1955 .elementor-element.elementor-element-0bc0a07 .jeg-elementor-kit.jkit-button.icon-position-before .jkit-button-wrapper i, .elementor-1955 .elementor-element.elementor-element-0bc0a07 .jeg-elementor-kit.jkit-button.icon-position-before .jkit-button-wrapper svg{margin-right:5px;}.elementor-1955 .elementor-element.elementor-element-0bc0a07 .jeg-elementor-kit.jkit-button.icon-position-after .jkit-button-wrapper i, .elementor-1955 .elementor-element.elementor-element-0bc0a07 .jeg-elementor-kit.jkit-button.icon-position-after .jkit-button-wrapper svg{margin-left:5px;}:root{--page-title-display:none;}@media(min-width:768px){.elementor-1955 .elementor-element.elementor-element-b8a5640{--width:50%;}.elementor-1955 .elementor-element.elementor-element-d7f9b83{--width:50%;}}<\/style>\t\t<div data-elementor-type=\"wp-page\" data-elementor-id=\"1955\" class=\"elementor elementor-1955\" data-elementor-post-type=\"page\">\n\t\t\t\t<div class=\"elementor-element elementor-element-74a2c07 e-flex e-con-boxed e-con e-parent\" data-id=\"74a2c07\" data-element_type=\"container\" data-e-type=\"container\">\n\t\t\t\t\t<div class=\"e-con-inner\">\n\t\t<div class=\"elementor-element elementor-element-b8a5640 e-con-full e-flex e-con e-child\" data-id=\"b8a5640\" data-element_type=\"container\" data-e-type=\"container\">\n\t\t\t\t<div class=\"elementor-element elementor-element-937ad83 elementor-widget elementor-widget-heading\" data-id=\"937ad83\" data-element_type=\"widget\" data-e-type=\"widget\" data-widget_type=\"heading.default\">\n\t\t\t\t\t<h2 class=\"elementor-heading-title elementor-size-default\">Premium Service - International Strategic Interpretation (B2B\/B2C)<\/h2>\t\t\t\t<\/div>\n\t\t\t\t<div class=\"elementor-element elementor-element-ffeaf0b elementor-widget elementor-widget-text-editor\" data-id=\"ffeaf0b\" data-element_type=\"widget\" data-e-type=\"widget\" data-widget_type=\"text-editor.default\">\n\t\t\t\t\t\t\t\t\t<p><span style=\"font-weight: 400;\">We support companies negotiating with partners in the United States, Europe, and the MENA region, helping them communicate with greater clarity, reduce cultural friction, and move agreements forward with stronger executive precision.<\/span><\/p><p><span style=\"font-weight: 400;\">This service combines professional interpretation with a strategic approach that supports you before, during, and after every meeting to protect your interests and enhance your commercial outcomes. <\/span><\/p>\t\t\t\t\t\t\t\t<\/div>\n\t\t\t\t<\/div>\n\t\t<div class=\"elementor-element elementor-element-d7f9b83 e-con-full e-flex e-con e-child\" data-id=\"d7f9b83\" data-element_type=\"container\" data-e-type=\"container\">\n\t\t\t\t<div class=\"elementor-element elementor-element-33cf20b elementor-widget elementor-widget-heading\" data-id=\"33cf20b\" data-element_type=\"widget\" data-e-type=\"widget\" data-widget_type=\"heading.default\">\n\t\t\t\t\t<h2 class=\"elementor-heading-title elementor-size-default\">What do you get?<\/h2>\t\t\t\t<\/div>\n\t\t\t\t<div class=\"elementor-element elementor-element-d8cca6b elementor-widget elementor-widget-n-accordion\" data-id=\"d8cca6b\" data-element_type=\"widget\" data-e-type=\"widget\" data-settings=\"{&quot;default_state&quot;:&quot;expanded&quot;,&quot;max_items_expended&quot;:&quot;one&quot;,&quot;n_accordion_animation_duration&quot;:{&quot;unit&quot;:&quot;ms&quot;,&quot;size&quot;:400,&quot;sizes&quot;:[]}}\" data-widget_type=\"nested-accordion.default\">\n\t\t\t\t\t\t\t<div class=\"e-n-accordion\" aria-label=\"Accordion. Open links with Enter or Space, close with Escape, and navigate with Arrow Keys\">\n\t\t\t\t\t\t<details id=\"e-n-accordion-item-2270\" class=\"e-n-accordion-item\" open>\n\t\t\t\t<summary class=\"e-n-accordion-item-title\" data-accordion-index=\"1\" tabindex=\"0\" aria-expanded=\"true\" aria-controls=\"e-n-accordion-item-2270\" >\n\t\t\t\t\t<span class='e-n-accordion-item-title-header'><div class=\"e-n-accordion-item-title-text\"> Key Benefits <\/div><\/span>\n\t\t\t\t\t\t\t<span class='e-n-accordion-item-title-icon'>\n\t\t\t<span class='e-opened' ><svg aria-hidden=\"true\" class=\"e-font-icon-svg e-fas-minus\" viewbox=\"0 0 448 512\" xmlns=\"http:\/\/www.w3.org\/2000\/svg\"><path d=\"M416 208H32c-17.67 0-32 14.33-32 32v32c0 17.67 14.33 32 32 32h384c17.67 0 32-14.33 32-32v-32c0-17.67-14.33-32-32-32z\"><\/path><\/svg><\/span>\n\t\t\t<span class='e-closed'><svg aria-hidden=\"true\" class=\"e-font-icon-svg e-fas-plus\" viewbox=\"0 0 448 512\" xmlns=\"http:\/\/www.w3.org\/2000\/svg\"><path d=\"M416 208H272V64c0-17.67-14.33-32-32-32h-32c-17.67 0-32 14.33-32 32v144H32c-17.67 0-32 14.33-32 32v32c0 17.67 14.33 32 32 32h144v144c0 17.67 14.33 32 32 32h32c17.67 0 32-14.33 32-32V304h144c17.67 0 32-14.33 32-32v-32c0-17.67-14.33-32-32-32z\"><\/path><\/svg><\/span>\n\t\t<\/span>\n\n\t\t\t\t\t\t<\/summary>\n\t\t\t\t<div role=\"region\" aria-labelledby=\"e-n-accordion-item-2270\" class=\"elementor-element elementor-element-e3e8a1f e-con-full e-flex e-con e-child\" data-id=\"e3e8a1f\" data-element_type=\"container\" data-e-type=\"container\">\n\t\t<div role=\"region\" aria-labelledby=\"e-n-accordion-item-2270\" class=\"elementor-element elementor-element-6b428bb e-flex e-con-boxed e-con e-child\" data-id=\"6b428bb\" data-element_type=\"container\" data-e-type=\"container\">\n\t\t\t\t\t<div class=\"e-con-inner\">\n\t\t\t\t<div class=\"elementor-element elementor-element-0280aa2 elementor-widget elementor-widget-text-editor\" data-id=\"0280aa2\" data-element_type=\"widget\" data-e-type=\"widget\" data-widget_type=\"text-editor.default\">\n\t\t\t\t\t\t\t\t\t<ol><li>Prior strategic preparation and adjustment of <em>Pitch<\/em><\/li><li><em>Brief<\/em> cultural and technical expertise of the international partner<\/li><li>Executive interpretation<\/li><li>Strategic analysis of counterparty behavior<\/li><li>Report <em>post<\/em> meeting with <em>insights<\/em> key<\/li><li>Drafting of follow-up emails and strategic messages<\/li><\/ol>\t\t\t\t\t\t\t\t<\/div>\n\t\t\t\t\t<\/div>\n\t\t\t\t<\/div>\n\t\t\t\t<\/div>\n\t\t\t\t\t<\/details>\n\t\t\t\t\t\t<details id=\"e-n-accordion-item-2271\" class=\"e-n-accordion-item\" >\n\t\t\t\t<summary class=\"e-n-accordion-item-title\" data-accordion-index=\"2\" tabindex=\"-1\" aria-expanded=\"false\" aria-controls=\"e-n-accordion-item-2271\" >\n\t\t\t\t\t<span class='e-n-accordion-item-title-header'><div class=\"e-n-accordion-item-title-text\"> Why it is unique <\/div><\/span>\n\t\t\t\t\t\t\t<span class='e-n-accordion-item-title-icon'>\n\t\t\t<span class='e-opened' ><svg aria-hidden=\"true\" class=\"e-font-icon-svg e-fas-minus\" viewbox=\"0 0 448 512\" xmlns=\"http:\/\/www.w3.org\/2000\/svg\"><path d=\"M416 208H32c-17.67 0-32 14.33-32 32v32c0 17.67 14.33 32 32 32h384c17.67 0 32-14.33 32-32v-32c0-17.67-14.33-32-32-32z\"><\/path><\/svg><\/span>\n\t\t\t<span class='e-closed'><svg aria-hidden=\"true\" class=\"e-font-icon-svg e-fas-plus\" viewbox=\"0 0 448 512\" xmlns=\"http:\/\/www.w3.org\/2000\/svg\"><path d=\"M416 208H272V64c0-17.67-14.33-32-32-32h-32c-17.67 0-32 14.33-32 32v144H32c-17.67 0-32 14.33-32 32v32c0 17.67 14.33 32 32 32h144v144c0 17.67 14.33 32 32 32h32c17.67 0 32-14.33 32-32V304h144c17.67 0 32-14.33 32-32v-32c0-17.67-14.33-32-32-32z\"><\/path><\/svg><\/span>\n\t\t<\/span>\n\n\t\t\t\t\t\t<\/summary>\n\t\t\t\t<div role=\"region\" aria-labelledby=\"e-n-accordion-item-2271\" class=\"elementor-element elementor-element-da6575c e-con-full e-flex e-con e-child\" data-id=\"da6575c\" data-element_type=\"container\" data-e-type=\"container\">\n\t\t<div role=\"region\" aria-labelledby=\"e-n-accordion-item-2271\" class=\"elementor-element elementor-element-485e103 e-flex e-con-boxed e-con e-child\" data-id=\"485e103\" data-element_type=\"container\" data-e-type=\"container\">\n\t\t\t\t\t<div class=\"e-con-inner\">\n\t\t\t\t<div class=\"elementor-element elementor-element-82bcb54 elementor-widget elementor-widget-text-editor\" data-id=\"82bcb54\" data-element_type=\"widget\" data-e-type=\"widget\" data-widget_type=\"text-editor.default\">\n\t\t\t\t\t\t\t\t\t<p><b>Why is this service unique (and not just simple interpretation)?<\/b><\/p><ul><li style=\"font-weight: 400;\" aria-level=\"1\"><span style=\"font-weight: 400;\">\u2022\tWe don\u2019t translate \u2014 we interpret context, intention, and risk.<\/span><p>\u00a0<\/p><\/li><li style=\"font-weight: 400;\" aria-level=\"1\"><span style=\"font-weight: 400;\">\u2022\tWe reduce cultural friction that slows down B2B or B2C deals.<\/span><p>\u00a0<\/p><\/li><li style=\"font-weight: 400;\" aria-level=\"1\"><span style=\"font-weight: 400;\">\u2022\tWe elevate precision and performance in every conversation.<\/span><p>\u00a0<\/p><\/li><li style=\"font-weight: 400;\" aria-level=\"1\"><span style=\"font-weight: 400;\">\u2022\tYou project a strong executive presence in front of any partner.<\/span><p>\u00a0<\/p><\/li><li style=\"font-weight: 400;\" aria-level=\"1\"><span style=\"font-weight: 400;\">Your meetings proceed with greater clarity, focus, and speed.<\/span><p>\u00a0<\/p><\/li><\/ul><p><b>What your company gains:<\/b><\/p><p>Clearer, more professional meetings with a higher probability of closing deals. Your partners perceive you as serious and capable of getting things done.<\/p>\t\t\t\t\t\t\t\t<\/div>\n\t\t\t\t\t<\/div>\n\t\t\t\t<\/div>\n\t\t\t\t<\/div>\n\t\t\t\t\t<\/details>\n\t\t\t\t\t<\/div>\n\t\t\t\t\t\t<\/div>\n\t\t\t\t<div class=\"elementor-element elementor-element-3c48b08 elementor-widget elementor-widget-text-editor\" data-id=\"3c48b08\" data-element_type=\"widget\" data-e-type=\"widget\" data-widget_type=\"text-editor.default\">\n\t\t\t\t\t\t\t\t\t<p>Contact us and request a customized proposal<\/p>\t\t\t\t\t\t\t\t<\/div>\n\t\t\t\t<div class=\"elementor-element elementor-element-0bc0a07 elementor-widget elementor-widget-jkit_button\" data-id=\"0bc0a07\" data-element_type=\"widget\" data-e-type=\"widget\" data-widget_type=\"jkit_button.default\">\n\t\t\t\t\t<div  class=\"jeg-elementor-kit jkit-button  icon-position-before jeg_module___69d04957a4a66\" ><a href=\"http:\/\/wa.link\/dj7n3o\" class=\"jkit-button-wrapper\">Contact<\/a><\/div>\t\t\t\t<\/div>\n\t\t\t\t<\/div>\n\t\t\t\t\t<\/div>\n\t\t\t\t<\/div>\n\t\t\t\t<\/div>","protected":false},"excerpt":{"rendered":"<p>Servicio Premium &#8211; Interpretaci\u00f3n Estrat\u00e9gica Internacional (B2B\/B2C) Apoyamos a empresas que negocian con socios de Estados Unidos, Europa y MENA, ayud\u00e1ndolas a comunicarse con m\u00e1s claridad, reducir fricci\u00f3n cultural y avanzar acuerdos con mayor precisi\u00f3n ejecutiva. Este servicio combina interpretaci\u00f3n profesional con un enfoque estrat\u00e9gico que te acompa\u00f1a antes, durante y despu\u00e9s de cada reuni\u00f3n [&hellip;]<\/p>\n","protected":false},"author":1,"featured_media":0,"parent":0,"menu_order":0,"comment_status":"closed","ping_status":"closed","template":"","meta":{"footnotes":""},"class_list":["post-1955","page","type-page","status-publish","hentry"],"_links":{"self":[{"href":"https:\/\/globalbridgeco.co\/en\/wp-json\/wp\/v2\/pages\/1955","targetHints":{"allow":["GET"]}}],"collection":[{"href":"https:\/\/globalbridgeco.co\/en\/wp-json\/wp\/v2\/pages"}],"about":[{"href":"https:\/\/globalbridgeco.co\/en\/wp-json\/wp\/v2\/types\/page"}],"author":[{"embeddable":true,"href":"https:\/\/globalbridgeco.co\/en\/wp-json\/wp\/v2\/users\/1"}],"replies":[{"embeddable":true,"href":"https:\/\/globalbridgeco.co\/en\/wp-json\/wp\/v2\/comments?post=1955"}],"version-history":[{"count":49,"href":"https:\/\/globalbridgeco.co\/en\/wp-json\/wp\/v2\/pages\/1955\/revisions"}],"predecessor-version":[{"id":2391,"href":"https:\/\/globalbridgeco.co\/en\/wp-json\/wp\/v2\/pages\/1955\/revisions\/2391"}],"wp:attachment":[{"href":"https:\/\/globalbridgeco.co\/en\/wp-json\/wp\/v2\/media?parent=1955"}],"curies":[{"name":"wp","href":"https:\/\/api.w.org\/{rel}","templated":true}]}}